{"id":22368,"date":"2025-04-14T16:02:25","date_gmt":"2025-04-14T14:02:25","guid":{"rendered":"https:\/\/dev.mgi-ci5.com\/agent-comptable-portuaire\/"},"modified":"2025-07-09T17:07:18","modified_gmt":"2025-07-09T15:07:18","slug":"port-accountant","status":"publish","type":"page","link":"https:\/\/mgi-ci5.com\/en\/roles\/port-accountant\/","title":{"rendered":"Port accountant"},"content":{"rendered":"<p>[et_pb_section fb_built=&#8221;1&#8243; admin_label=&#8221;Header page interne&#8221; module_class=&#8221;header-section internal header-page&#8221; _builder_version=&#8221;4.27.4&#8243; _module_preset=&#8221;default&#8221; background_enable_color=&#8221;off&#8221; use_background_color_gradient=&#8221;on&#8221; background_color_gradient_direction=&#8221;120deg&#8221; background_color_gradient_stops=&#8221;rgba(0,45,114,0.9) 0%|rgba(0,45,114,0.9) 100%&#8221; background_color_gradient_overlays_image=&#8221;on&#8221; background_image=&#8221;https:\/\/mgi-ci5.com\/wp-content\/uploads\/2025\/04\/agent-comptable-portuaire-mgi-ci5-port-community-system-pcs-logistique-portuaire-a-propos.png&#8221; locked=&#8221;off&#8221; global_colors_info=&#8221;{}&#8221;][et_pb_row module_class=&#8221;breadcrumb-row&#8221; _builder_version=&#8221;4.27.4&#8243; _module_preset=&#8221;default&#8221; global_colors_info=&#8221;{}&#8221;][et_pb_column type=&#8221;4_4&#8243; _builder_version=&#8221;4.27.4&#8243; _module_preset=&#8221;default&#8221; global_colors_info=&#8221;{}&#8221;][et_pb_code admin_label=&#8221;Fil d&#8217;ariane&#8221; module_class=&#8221;breadcrumb-module&#8221; _builder_version=&#8221;4.27.4&#8243; _module_preset=&#8221;default&#8221; global_colors_info=&#8221;{}&#8221;]<span><span><a href=\"https:\/\/mgi-ci5.com\/en\/\">Accueil<\/a><\/span><\/span>[\/et_pb_code][\/et_pb_column][\/et_pb_row][et_pb_row module_class=&#8221;header-row align-left&#8221; _builder_version=&#8221;4.27.4&#8243; _module_preset=&#8221;default&#8221; global_colors_info=&#8221;{}&#8221;][et_pb_column type=&#8221;4_4&#8243; _builder_version=&#8221;4.27.4&#8243; _module_preset=&#8221;default&#8221; global_colors_info=&#8221;{}&#8221;][et_pb_cta title=&#8221;Port accountant<span>.<\/span>&#8221; button_url=&#8221;#solutions&#8221; button_text=&#8221;Discover our solutions&#8221; admin_label=&#8221;Titre de la page&#8221; module_class=&#8221;title-module btn-border&#8221; _builder_version=&#8221;4.27.4&#8243; _module_preset=&#8221;default&#8221; header_level=&#8221;h1&#8243; background_layout=&#8221;light&#8221; global_colors_info=&#8221;{}&#8221;]<\/p>\n<p>You are a port authority looking to monitor all cargo passing through your port using a single tool. This allows you to track vessel and cargo declarations for port dues collection.<\/p>\n<p>[\/et_pb_cta][\/et_pb_column][\/et_pb_row][\/et_pb_section][et_pb_section fb_built=&#8221;1&#8243; admin_label=&#8221;Avantages&#8221; module_class=&#8221;avantages-section&#8221; _builder_version=&#8221;4.27.4&#8243; _module_preset=&#8221;default&#8221; animation_style=&#8221;fade&#8221; collapsed=&#8221;off&#8221; global_colors_info=&#8221;{}&#8221;][et_pb_row admin_label=&#8221;Ligne Titre&#8221; module_class=&#8221;title-row align-left&#8221; _builder_version=&#8221;4.27.4&#8243; _module_preset=&#8221;default&#8221; locked=&#8221;off&#8221; global_colors_info=&#8221;{}&#8221;][et_pb_column type=&#8221;4_4&#8243; _builder_version=&#8221;4.27.4&#8243; _module_preset=&#8221;default&#8221; global_colors_info=&#8221;{}&#8221;][et_pb_text admin_label=&#8221;Surtitre&#8221; module_class=&#8221;subtitle-module&#8221; _builder_version=&#8221;4.27.4&#8243; _module_preset=&#8221;default&#8221; global_colors_info=&#8221;{}&#8221;]Benefits[\/et_pb_text][et_pb_cta title=&#8221;Optimize <span>operational<\/span> efficiency&#8221; button_url=&#8221;#&#8221; admin_label=&#8221;Titre de section&#8221; module_class=&#8221;title-module&#8221; _builder_version=&#8221;4.27.4&#8243; _module_preset=&#8221;default&#8221; background_layout=&#8221;light&#8221; global_colors_info=&#8221;{}&#8221;]<\/p>\n<p>The future of freight transport lies in door-to-door traceability, providing visibility into every step of the transit process to better manage, plan, and control the global supply chain.<\/p>\n<p>[\/et_pb_cta][\/et_pb_column][\/et_pb_row][et_pb_row module_class=&#8221;avantages-row flex-three&#8221; _builder_version=&#8221;4.27.4&#8243; _module_preset=&#8221;default&#8221; global_colors_info=&#8221;{}&#8221;][et_pb_column type=&#8221;4_4&#8243; _builder_version=&#8221;4.27.4&#8243; _module_preset=&#8221;default&#8221; global_colors_info=&#8221;{}&#8221;][et_pb_blurb title=&#8221;Port dues collection&#8221; image=&#8221;https:\/\/mgi-ci5.com\/wp-content\/uploads\/2025\/04\/validation-administration-de-controle-mgi-ci5-port-community-system-pcs-logistique-portuaire-a-propos.png&#8221; alt=&#8221;gain-productivite&#8221; image_icon_width=&#8221;70%&#8221; admin_label=&#8221;Collecte des droits de port&#8221; module_class=&#8221;avantage-module align-left&#8221; _builder_version=&#8221;4.27.4&#8243; _module_preset=&#8221;default&#8221; header_level=&#8221;h3&#8243; animation=&#8221;off&#8221; global_colors_info=&#8221;{}&#8221;]<\/p>\n<p>You can use Ci5 as a standardized and comprehensive data collection tool.<\/p>\n<p>[\/et_pb_blurb][et_pb_blurb title=&#8221;Traffic analysis and statistics&#8221; image=&#8221;https:\/\/mgi-ci5.com\/wp-content\/uploads\/2025\/04\/analyse-administration-de-controle-mgi-ci5-port-community-system-pcs-logistique-portuaire-a-propos.png&#8221; alt=&#8221;visibilite-marche&#8221; image_icon_width=&#8221;70%&#8221; admin_label=&#8221;Analyse des trafics et statistiques&#8221; module_class=&#8221;avantage-module align-left&#8221; _builder_version=&#8221;4.27.4&#8243; _module_preset=&#8221;default&#8221; header_level=&#8221;h3&#8243; animation=&#8221;off&#8221; global_colors_info=&#8221;{}&#8221;]<\/p>\n<p>You can view and monitor traffic to analyze trends, assess port performance in terms of fluidity, and support continuous improvement with the goal of attracting more flows.<\/p>\n<p>[\/et_pb_blurb][et_pb_blurb title=&#8221;Manage your operations efficiently and independently&#8221; image=&#8221;https:\/\/mgi-ci5.com\/wp-content\/uploads\/2025\/04\/execution-agent-comptable-portuaire-mgi-ci5-port-community-system-pcs-logistique-portuaire-a-propos.png&#8221; alt=&#8221;visibilite-marche&#8221; image_icon_width=&#8221;70%&#8221; admin_label=&#8221;G\u00e9rer efficacement et de mani\u00e8re autonome vos op\u00e9rations&#8221; module_class=&#8221;avantage-module align-left&#8221; _builder_version=&#8221;4.27.4&#8243; _module_preset=&#8221;default&#8221; header_level=&#8221;h3&#8243; animation=&#8221;off&#8221; global_colors_info=&#8221;{}&#8221;]<\/p>\n<p>MGI has developed solutions and services to help you process, centralize, and harmonize the port transit of goods \u2014 enabling you to monitor all types of cargo passing through your port with a single tool.<\/p>\n<p>[\/et_pb_blurb][\/et_pb_column][\/et_pb_row][\/et_pb_section][et_pb_section fb_built=&#8221;1&#8243; admin_label=&#8221;Des solutions sur mesure&#8221; module_id=&#8221;solutions&#8221; _builder_version=&#8221;4.27.4&#8243; _module_preset=&#8221;default&#8221; global_colors_info=&#8221;{}&#8221;][et_pb_row admin_label=&#8221;Ligne Titre&#8221; module_class=&#8221;title-row align-left&#8221; _builder_version=&#8221;4.27.4&#8243; _module_preset=&#8221;default&#8221; global_colors_info=&#8221;{}&#8221;][et_pb_column type=&#8221;4_4&#8243; _builder_version=&#8221;4.27.4&#8243; _module_preset=&#8221;default&#8221; global_colors_info=&#8221;{}&#8221;][et_pb_text admin_label=&#8221;Surtitre&#8221; module_class=&#8221;subtitle-module &#8221; _builder_version=&#8221;4.27.4&#8243; _module_preset=&#8221;default&#8221; global_colors_info=&#8221;{}&#8221;]<\/p>\n<p>Tailor-made solutions<\/p>\n<p>[\/et_pb_text][et_pb_cta title=&#8221;Discover solutions tailored to <span>your needs<\/span>&#8221; admin_label=&#8221;Titre de section&#8221; module_class=&#8221;title-module&#8221; _builder_version=&#8221;4.27.4&#8243; _module_preset=&#8221;default&#8221; background_layout=&#8221;light&#8221; global_colors_info=&#8221;{}&#8221;]An integrated port system is a neutral and open electronic platform that enables the smart and secure exchange of information between public and private stakeholders to enhance the competitive position of port communities. It optimizes, manages, and automates efficient logistics processes through a single data submission, ensuring the connection between transport and logistics chains.[\/et_pb_cta][\/et_pb_column][\/et_pb_row][et_pb_row module_class=&#8221;solutions-row&#8221; _builder_version=&#8221;4.27.4&#8243; _module_preset=&#8221;default&#8221; locked=&#8221;off&#8221; global_colors_info=&#8221;{}&#8221;][et_pb_column type=&#8221;4_4&#8243; _builder_version=&#8221;4.27.4&#8243; _module_preset=&#8221;default&#8221; global_colors_info=&#8221;{}&#8221;][et_pb_db_filter_loop post_type_choose=&#8221;solution&#8221; cat_loop_style=&#8221;on&#8221; loop_templates=&#8221;divi-blog&#8221; is_main_loop=&#8221;off&#8221; custom_loop=&#8221;on&#8221; custom_tax_choose=&#8221;categorie-solution&#8221; include_taxomony=&#8221;port-accountant&#8221; order_asc_desc=&#8221;DESC&#8221; enable_overlay=&#8221;off&#8221; show_read_more=&#8221;on&#8221; read_more_text=&#8221;Cela m&#8217;int\u00e9resse&#8221; show_author=&#8221;off&#8221; show_date=&#8221;off&#8221; show_categories=&#8221;off&#8221; admin_label=&#8221;Liste solutions&#8221; module_class=&#8221;solutions-results&#8221; _builder_version=&#8221;4.27.4&#8243; _module_preset=&#8221;default&#8221; hover_enabled=&#8221;0&#8243; global_colors_info=&#8221;{}&#8221; sticky_enabled=&#8221;0&#8243;][\/et_pb_db_filter_loop][\/et_pb_column][\/et_pb_row][\/et_pb_section][et_pb_section fb_built=&#8221;1&#8243; admin_label=&#8221;T\u00e9moignages de clients&#8221; _builder_version=&#8221;4.27.4&#8243; _module_preset=&#8221;default&#8221; animation_style=&#8221;fade&#8221; global_module=&#8221;22352&#8243; collapsed=&#8221;off&#8221; global_colors_info=&#8221;{}&#8221;][et_pb_row admin_label=&#8221;Ligne Titre&#8221; module_class=&#8221;title-row &#8221; _builder_version=&#8221;4.27.4&#8243; _module_preset=&#8221;default&#8221; locked=&#8221;off&#8221; global_colors_info=&#8221;{}&#8221;][et_pb_column type=&#8221;4_4&#8243; _builder_version=&#8221;4.27.4&#8243; _module_preset=&#8221;default&#8221; global_colors_info=&#8221;{}&#8221;][et_pb_text admin_label=&#8221;Surtitre&#8221; module_class=&#8221;subtitle-module&#8221; _builder_version=&#8221;4.27.4&#8243; _module_preset=&#8221;default&#8221; global_colors_info=&#8221;{}&#8221;]Customer Testimonials[\/et_pb_text][et_pb_cta title=&#8221;Client <span>voices<\/span>&#8221; button_url=&#8221;#&#8221; admin_label=&#8221;Titre de section&#8221; module_class=&#8221;title-module&#8221; _builder_version=&#8221;4.27.4&#8243; _module_preset=&#8221;default&#8221; background_layout=&#8221;light&#8221; global_colors_info=&#8221;{}&#8221;]Our clients and users from across the global supply chain rely on our solutions to optimize their cargo flows, enhance productivity, and improve risk management.[\/et_pb_cta][\/et_pb_column][\/et_pb_row][et_pb_row module_class=&#8221;temoignage-row&#8221; _builder_version=&#8221;4.27.4&#8243; _module_preset=&#8221;default&#8221; global_colors_info=&#8221;{}&#8221;][et_pb_column type=&#8221;4_4&#8243; _builder_version=&#8221;4.27.4&#8243; _module_preset=&#8221;default&#8221; global_colors_info=&#8221;{}&#8221;][dipl_testimonial_slider include_categories=&#8221;187&#8243; show_rating=&#8221;off&#8221; show_author_image=&#8221;off&#8221; show_author_designation=&#8221;off&#8221; auto_height_slider=&#8221;on&#8221; slider_loop=&#8221;on&#8221; autoplay=&#8221;off&#8221; show_arrow=&#8221;on&#8221; show_arrow_on_hover=&#8221;on&#8221; arrows_position=&#8221;outside&#8221; show_control_dot=&#8221;on&#8221; control_dot_active_color=&#8221;#003362&#8243; control_dot_inactive_color=&#8221;rgba(0,51,98,0.2)&#8221; show_opening_quote_icon=&#8221;off&#8221; testimonial_per_slide_tablet=&#8221;1&#8243; testimonial_per_slide_phone=&#8221;1&#8243; admin_label=&#8221;T\u00e9moignages&#8221; module_class=&#8221;temoignage-module&#8221; _builder_version=&#8221;4.27.4&#8243; _module_preset=&#8221;default&#8221; global_colors_info=&#8221;{}&#8221;][\/dipl_testimonial_slider][\/et_pb_column][\/et_pb_row][\/et_pb_section][et_pb_section fb_built=&#8221;1&#8243; admin_label=&#8221;CTA : Prenons contact&#8221; module_class=&#8221;cta-section fullwidth-section bg-gradient&#8221; _builder_version=&#8221;4.27.4&#8243; _module_preset=&#8221;default&#8221; use_background_color_gradient=&#8221;on&#8221; background_color_gradient_direction=&#8221;120deg&#8221; background_color_gradient_stops=&#8221;rgba(0,45,114,0.9) 0%|rgba(0,62,156,0.9) 100%&#8221; background_color_gradient_overlays_image=&#8221;on&#8221; background_image=&#8221;https:\/\/mgi-ci5.com\/wp-content\/uploads\/2025\/02\/kurt-cotoaga-MP6FMO8khn4-unsplash.jpg&#8221; animation_style=&#8221;fade&#8221; collapsed=&#8221;off&#8221; global_colors_info=&#8221;{}&#8221;][et_pb_row admin_label=&#8221;Ligne Titre&#8221; module_class=&#8221;title-row &#8221; _builder_version=&#8221;4.27.4&#8243; _module_preset=&#8221;default&#8221; locked=&#8221;off&#8221; global_colors_info=&#8221;{}&#8221;][et_pb_column type=&#8221;4_4&#8243; _builder_version=&#8221;4.27.4&#8243; _module_preset=&#8221;default&#8221; global_colors_info=&#8221;{}&#8221;][et_pb_text admin_label=&#8221;Surtitre&#8221; module_class=&#8221;subtitle-module align-left&#8221; _builder_version=&#8221;4.27.4&#8243; _module_preset=&#8221;default&#8221; global_colors_info=&#8221;{}&#8221;]Need help?[\/et_pb_text][et_pb_cta title=&#8221;A team of experts <span>here for you<\/span>&#8221; button_url=&#8221;@ET-DC@eyJkeW5hbWljIjp0cnVlLCJjb250ZW50IjoicG9zdF9saW5rX3VybF9wYWdlIiwic2V0dGluZ3MiOnsicG9zdF9pZCI6IjU1MyJ9fQ==@&#8221; button_text=&#8221;Contact Us&#8221; admin_label=&#8221;Titre de section&#8221; module_class=&#8221;title-module&#8221; _builder_version=&#8221;4.27.4&#8243; _dynamic_attributes=&#8221;button_url&#8221; _module_preset=&#8221;default&#8221; background_layout=&#8221;light&#8221; global_colors_info=&#8221;{}&#8221;]Here to support you every step of the way.[\/et_pb_cta][\/et_pb_column][\/et_pb_row][\/et_pb_section][et_pb_section fb_built=&#8221;1&#8243; admin_label=&#8221;Suivez-nous sur nos r\u00e9seaux Anglais&#8221; _builder_version=&#8221;4.27.4&#8243; _module_preset=&#8221;default&#8221; animation_style=&#8221;fade&#8221; global_module=&#8221;22417&#8243; collapsed=&#8221;off&#8221; global_colors_info=&#8221;{}&#8221;][et_pb_row admin_label=&#8221;Ligne Titre&#8221; module_class=&#8221;title-row&#8221; _builder_version=&#8221;4.27.4&#8243; _module_preset=&#8221;default&#8221; locked=&#8221;off&#8221; global_colors_info=&#8221;{}&#8221;][et_pb_column type=&#8221;4_4&#8243; _builder_version=&#8221;4.27.4&#8243; _module_preset=&#8221;default&#8221; global_colors_info=&#8221;{}&#8221;][et_pb_text admin_label=&#8221;Surtitre&#8221; module_class=&#8221;subtitle-module&#8221; _builder_version=&#8221;4.27.4&#8243; _module_preset=&#8221;default&#8221; global_colors_info=&#8221;{}&#8221;]MGI Live[\/et_pb_text][et_pb_cta title=&#8221;Connect with us <br \/>on <span>social media<\/span>&#8221; admin_label=&#8221;Titre de section&#8221; module_class=&#8221;title-module&#8221; _builder_version=&#8221;4.27.4&#8243; _module_preset=&#8221;default&#8221; background_layout=&#8221;light&#8221; global_colors_info=&#8221;{}&#8221;][\/et_pb_cta][\/et_pb_column][\/et_pb_row][et_pb_row module_class=&#8221;social-row flex-four&#8221; _builder_version=&#8221;4.27.4&#8243; _module_preset=&#8221;default&#8221; global_colors_info=&#8221;{}&#8221;][et_pb_column type=&#8221;4_4&#8243; _builder_version=&#8221;4.27.4&#8243; _module_preset=&#8221;default&#8221; global_colors_info=&#8221;{}&#8221;][et_pb_image src=&#8221;https:\/\/mgi-ci5.com\/wp-content\/uploads\/2025\/02\/linkedin-in-brands-solid.svg&#8221; alt=&#8221;Linkedin MGI&#8221; title_text=&#8221;Linkedin MGI&#8221; url=&#8221;https:\/\/www.linkedin.com\/company\/mgi-marseille-gyptis-international\/&#8221; url_new_window=&#8221;on&#8221; admin_label=&#8221;Linkedin&#8221; module_class=&#8221;social-module&#8221; _builder_version=&#8221;4.27.4&#8243; _module_preset=&#8221;default&#8221; global_colors_info=&#8221;{}&#8221;][\/et_pb_image][et_pb_image src=&#8221;https:\/\/mgi-ci5.com\/wp-content\/uploads\/2025\/02\/facebook-f-brands-solid.svg&#8221; alt=&#8221;Facebook MGI&#8221; title_text=&#8221;Facebook MGI&#8221; url=&#8221;https:\/\/fr-fr.facebook.com\/mgi.official\/&#8221; url_new_window=&#8221;on&#8221; admin_label=&#8221;Facebook&#8221; module_class=&#8221;social-module&#8221; _builder_version=&#8221;4.27.4&#8243; _module_preset=&#8221;default&#8221; global_colors_info=&#8221;{}&#8221;][\/et_pb_image][et_pb_image src=&#8221;https:\/\/mgi-ci5.com\/wp-content\/uploads\/2025\/02\/youtube-brands-solid.svg&#8221; alt=&#8221;Youtube MGI&#8221; title_text=&#8221;Youtube MGI&#8221; url=&#8221;https:\/\/www.youtube.com\/@mgi-ci5&#8243; url_new_window=&#8221;on&#8221; admin_label=&#8221;Youtube&#8221; module_class=&#8221;social-module&#8221; _builder_version=&#8221;4.27.4&#8243; _module_preset=&#8221;default&#8221; global_colors_info=&#8221;{}&#8221;][\/et_pb_image][\/et_pb_column][\/et_pb_row][\/et_pb_section]<\/p>\n","protected":false},"excerpt":{"rendered":"<p><span><span><a href=\"https:\/\/mgi-ci5.com\/en\/\">Accueil<\/a><\/span><\/span>You are a port authority looking to monitor all cargo passing through your port using a single tool. This allows you to track vessel and cargo declarations for port dues collection.BenefitsThe future of freight transport lies in door-to-door traceability, providing visibility into every step of the transit process to better manage, plan, and control the [&hellip;]<\/p>\n","protected":false},"author":9,"featured_media":0,"parent":22520,"menu_order":0,"comment_status":"closed","ping_status":"closed","template":"","meta":{"_acf_changed":false,"_et_pb_use_builder":"on","_et_pb_old_content":"","_et_gb_content_width":"","footnotes":""},"class_list":["post-22368","page","type-page","status-publish","hentry"],"acf":[],"yoast_head":"<!-- This site is optimized with the Yoast SEO plugin v26.8 - https:\/\/yoast.com\/product\/yoast-seo-wordpress\/ -->\n<title>Port accountant - Port Community Systems - MGI<\/title>\n<meta name=\"description\" content=\"View port calls and track cargo in real time with a single tool designed for port authorities \u2013 MGI (Marseille Gyptis International)\" \/>\n<meta name=\"robots\" content=\"index, follow, max-snippet:-1, max-image-preview:large, max-video-preview:-1\" \/>\n<link rel=\"canonical\" href=\"https:\/\/mgi-ci5.com\/en\/roles\/port-accountant\/\" \/>\n<meta property=\"og:locale\" content=\"en_US\" \/>\n<meta property=\"og:type\" content=\"article\" \/>\n<meta property=\"og:title\" content=\"Port accountant - Port Community Systems - MGI\" \/>\n<meta property=\"og:description\" content=\"View port calls and track cargo in real time with a single tool designed for port authorities \u2013 MGI (Marseille Gyptis International)\" \/>\n<meta property=\"og:url\" content=\"https:\/\/mgi-ci5.com\/en\/roles\/port-accountant\/\" \/>\n<meta property=\"og:site_name\" content=\"Experts en Port Community Systems - MGI\" \/>\n<meta property=\"article:modified_time\" content=\"2025-07-09T15:07:18+00:00\" \/>\n<meta name=\"twitter:card\" content=\"summary_large_image\" \/>\n<meta name=\"twitter:label1\" content=\"Est. reading time\" \/>\n\t<meta name=\"twitter:data1\" content=\"5 minutes\" \/>\n<script type=\"application\/ld+json\" class=\"yoast-schema-graph\">{\"@context\":\"https:\/\/schema.org\",\"@graph\":[{\"@type\":\"WebPage\",\"@id\":\"https:\/\/mgi-ci5.com\/en\/roles\/port-accountant\/\",\"url\":\"https:\/\/mgi-ci5.com\/en\/roles\/port-accountant\/\",\"name\":\"Port accountant - Port Community Systems - MGI\",\"isPartOf\":{\"@id\":\"https:\/\/mgi-ci5.com\/#website\"},\"datePublished\":\"2025-04-14T14:02:25+00:00\",\"dateModified\":\"2025-07-09T15:07:18+00:00\",\"description\":\"View port calls and track cargo in real time with a single tool designed for port authorities \u2013 MGI (Marseille Gyptis International)\",\"breadcrumb\":{\"@id\":\"https:\/\/mgi-ci5.com\/en\/roles\/port-accountant\/#breadcrumb\"},\"inLanguage\":\"en-US\",\"potentialAction\":[{\"@type\":\"ReadAction\",\"target\":[\"https:\/\/mgi-ci5.com\/en\/roles\/port-accountant\/\"]}]},{\"@type\":\"BreadcrumbList\",\"@id\":\"https:\/\/mgi-ci5.com\/en\/roles\/port-accountant\/#breadcrumb\",\"itemListElement\":[{\"@type\":\"ListItem\",\"position\":1,\"name\":\"Accueil\",\"item\":\"https:\/\/mgi-ci5.com\/en\/\"},{\"@type\":\"ListItem\",\"position\":2,\"name\":\"Roles\",\"item\":\"https:\/\/mgi-ci5.com\/en\/roles\/\"},{\"@type\":\"ListItem\",\"position\":3,\"name\":\"Port accountant\"}]},{\"@type\":\"WebSite\",\"@id\":\"https:\/\/mgi-ci5.com\/#website\",\"url\":\"https:\/\/mgi-ci5.com\/\",\"name\":\"Experts in Port Community System - MGI\",\"description\":\"\",\"potentialAction\":[{\"@type\":\"SearchAction\",\"target\":{\"@type\":\"EntryPoint\",\"urlTemplate\":\"https:\/\/mgi-ci5.com\/?s={search_term_string}\"},\"query-input\":{\"@type\":\"PropertyValueSpecification\",\"valueRequired\":true,\"valueName\":\"search_term_string\"}}],\"inLanguage\":\"en-US\"}]}<\/script>\n<!-- \/ Yoast SEO plugin. -->","yoast_head_json":{"title":"Port accountant - Port Community Systems - MGI","description":"View port calls and track cargo in real time with a single tool designed for port authorities \u2013 MGI (Marseille Gyptis International)","robots":{"index":"index","follow":"follow","max-snippet":"max-snippet:-1","max-image-preview":"max-image-preview:large","max-video-preview":"max-video-preview:-1"},"canonical":"https:\/\/mgi-ci5.com\/en\/roles\/port-accountant\/","og_locale":"en_US","og_type":"article","og_title":"Port accountant - Port Community Systems - MGI","og_description":"View port calls and track cargo in real time with a single tool designed for port authorities \u2013 MGI (Marseille Gyptis International)","og_url":"https:\/\/mgi-ci5.com\/en\/roles\/port-accountant\/","og_site_name":"Experts en Port Community Systems - MGI","article_modified_time":"2025-07-09T15:07:18+00:00","twitter_card":"summary_large_image","twitter_misc":{"Est. reading time":"5 minutes"},"schema":{"@context":"https:\/\/schema.org","@graph":[{"@type":"WebPage","@id":"https:\/\/mgi-ci5.com\/en\/roles\/port-accountant\/","url":"https:\/\/mgi-ci5.com\/en\/roles\/port-accountant\/","name":"Port accountant - Port Community Systems - MGI","isPartOf":{"@id":"https:\/\/mgi-ci5.com\/#website"},"datePublished":"2025-04-14T14:02:25+00:00","dateModified":"2025-07-09T15:07:18+00:00","description":"View port calls and track cargo in real time with a single tool designed for port authorities \u2013 MGI (Marseille Gyptis International)","breadcrumb":{"@id":"https:\/\/mgi-ci5.com\/en\/roles\/port-accountant\/#breadcrumb"},"inLanguage":"en-US","potentialAction":[{"@type":"ReadAction","target":["https:\/\/mgi-ci5.com\/en\/roles\/port-accountant\/"]}]},{"@type":"BreadcrumbList","@id":"https:\/\/mgi-ci5.com\/en\/roles\/port-accountant\/#breadcrumb","itemListElement":[{"@type":"ListItem","position":1,"name":"Accueil","item":"https:\/\/mgi-ci5.com\/en\/"},{"@type":"ListItem","position":2,"name":"Roles","item":"https:\/\/mgi-ci5.com\/en\/roles\/"},{"@type":"ListItem","position":3,"name":"Port accountant"}]},{"@type":"WebSite","@id":"https:\/\/mgi-ci5.com\/#website","url":"https:\/\/mgi-ci5.com\/","name":"Experts in Port Community System - MGI","description":"","potentialAction":[{"@type":"SearchAction","target":{"@type":"EntryPoint","urlTemplate":"https:\/\/mgi-ci5.com\/?s={search_term_string}"},"query-input":{"@type":"PropertyValueSpecification","valueRequired":true,"valueName":"search_term_string"}}],"inLanguage":"en-US"}]}},"_links":{"self":[{"href":"https:\/\/mgi-ci5.com\/en\/wp-json\/wp\/v2\/pages\/22368","targetHints":{"allow":["GET"]}}],"collection":[{"href":"https:\/\/mgi-ci5.com\/en\/wp-json\/wp\/v2\/pages"}],"about":[{"href":"https:\/\/mgi-ci5.com\/en\/wp-json\/wp\/v2\/types\/page"}],"author":[{"embeddable":true,"href":"https:\/\/mgi-ci5.com\/en\/wp-json\/wp\/v2\/users\/9"}],"replies":[{"embeddable":true,"href":"https:\/\/mgi-ci5.com\/en\/wp-json\/wp\/v2\/comments?post=22368"}],"version-history":[{"count":7,"href":"https:\/\/mgi-ci5.com\/en\/wp-json\/wp\/v2\/pages\/22368\/revisions"}],"predecessor-version":[{"id":23788,"href":"https:\/\/mgi-ci5.com\/en\/wp-json\/wp\/v2\/pages\/22368\/revisions\/23788"}],"up":[{"embeddable":true,"href":"https:\/\/mgi-ci5.com\/en\/wp-json\/wp\/v2\/pages\/22520"}],"wp:attachment":[{"href":"https:\/\/mgi-ci5.com\/en\/wp-json\/wp\/v2\/media?parent=22368"}],"curies":[{"name":"wp","href":"https:\/\/api.w.org\/{rel}","templated":true}]}}