{"id":22438,"date":"2025-04-14T16:36:08","date_gmt":"2025-04-14T14:36:08","guid":{"rendered":"https:\/\/dev.mgi-ci5.com\/directeur-de-port\/"},"modified":"2025-07-09T17:06:24","modified_gmt":"2025-07-09T15:06:24","slug":"port-director","status":"publish","type":"page","link":"https:\/\/mgi-ci5.com\/en\/roles\/port-director\/","title":{"rendered":"Port director"},"content":{"rendered":"<p>[et_pb_section fb_built=&#8221;1&#8243; admin_label=&#8221;Header page interne&#8221; module_class=&#8221;header-section internal header-page&#8221; _builder_version=&#8221;4.27.4&#8243; _module_preset=&#8221;default&#8221; background_enable_color=&#8221;off&#8221; use_background_color_gradient=&#8221;on&#8221; background_color_gradient_direction=&#8221;120deg&#8221; background_color_gradient_stops=&#8221;rgba(0,45,114,0.9) 0%|rgba(0,45,114,0.9) 100%&#8221; background_color_gradient_overlays_image=&#8221;on&#8221; background_image=&#8221;https:\/\/mgi-ci5.com\/wp-content\/uploads\/2025\/04\/directeur-de-port-mgi-ci5-port-community-system-pcs-logistique-portuaire-a-propos-1.png&#8221; locked=&#8221;off&#8221; global_colors_info=&#8221;{}&#8221;][et_pb_row module_class=&#8221;breadcrumb-row&#8221; _builder_version=&#8221;4.27.4&#8243; _module_preset=&#8221;default&#8221; global_colors_info=&#8221;{}&#8221;][et_pb_column type=&#8221;4_4&#8243; _builder_version=&#8221;4.27.4&#8243; _module_preset=&#8221;default&#8221; global_colors_info=&#8221;{}&#8221;][et_pb_code admin_label=&#8221;Fil d&#8217;ariane&#8221; module_class=&#8221;breadcrumb-module&#8221; _builder_version=&#8221;4.27.4&#8243; _module_preset=&#8221;default&#8221; global_colors_info=&#8221;{}&#8221;]<span><span><a href=\"https:\/\/mgi-ci5.com\/en\/\">Accueil<\/a><\/span><\/span>[\/et_pb_code][\/et_pb_column][\/et_pb_row][et_pb_row module_class=&#8221;header-row align-left&#8221; _builder_version=&#8221;4.27.4&#8243; _module_preset=&#8221;default&#8221; global_colors_info=&#8221;{}&#8221;][et_pb_column type=&#8221;4_4&#8243; _builder_version=&#8221;4.27.4&#8243; _module_preset=&#8221;default&#8221; global_colors_info=&#8221;{}&#8221;][et_pb_cta title=&#8221;Port director<span>.<\/span>&#8221; button_url=&#8221;#solutions&#8221; button_text=&#8221;Discover our solutions&#8221; admin_label=&#8221;Titre de la page&#8221; module_class=&#8221;title-module btn-border&#8221; _builder_version=&#8221;4.27.4&#8243; _module_preset=&#8221;default&#8221; header_level=&#8221;h1&#8243; background_layout=&#8221;light&#8221; global_colors_info=&#8221;{}&#8221;]<\/p>\n<p>Ensure the smooth operation of your local authority\u2019s port or ports in compliance with property, operational, and safety regulations.<\/p>\n<p>[\/et_pb_cta][\/et_pb_column][\/et_pb_row][\/et_pb_section][et_pb_section fb_built=&#8221;1&#8243; admin_label=&#8221;Avantages&#8221; module_class=&#8221;avantages-section&#8221; _builder_version=&#8221;4.27.4&#8243; _module_preset=&#8221;default&#8221; animation_style=&#8221;fade&#8221; collapsed=&#8221;off&#8221; global_colors_info=&#8221;{}&#8221;][et_pb_row admin_label=&#8221;Ligne Titre&#8221; module_class=&#8221;title-row align-left&#8221; _builder_version=&#8221;4.27.4&#8243; _module_preset=&#8221;default&#8221; locked=&#8221;off&#8221; global_colors_info=&#8221;{}&#8221;][et_pb_column type=&#8221;4_4&#8243; _builder_version=&#8221;4.27.4&#8243; _module_preset=&#8221;default&#8221; global_colors_info=&#8221;{}&#8221;][et_pb_text admin_label=&#8221;Surtitre&#8221; module_class=&#8221;subtitle-module&#8221; _builder_version=&#8221;4.27.4&#8243; _module_preset=&#8221;default&#8221; global_colors_info=&#8221;{}&#8221;]Benefits[\/et_pb_text][et_pb_cta title=&#8221;Optimize operational <span>efficiency<\/span>&#8221; button_url=&#8221;#&#8221; admin_label=&#8221;Titre de section&#8221; module_class=&#8221;title-module&#8221; _builder_version=&#8221;4.27.4&#8243; _module_preset=&#8221;default&#8221; background_layout=&#8221;light&#8221; global_colors_info=&#8221;{}&#8221;]The future of freight transport lies in door-to-door traceability, providing full visibility into every stage of transit to better steer, plan, and manage the global supply chain.[\/et_pb_cta][\/et_pb_column][\/et_pb_row][et_pb_row module_class=&#8221;avantages-row flex-three&#8221; _builder_version=&#8221;4.27.4&#8243; _module_preset=&#8221;default&#8221; global_colors_info=&#8221;{}&#8221;][et_pb_column type=&#8221;4_4&#8243; _builder_version=&#8221;4.27.4&#8243; _module_preset=&#8221;default&#8221; global_colors_info=&#8221;{}&#8221;][et_pb_blurb title=&#8221;Increased productivity&#8221; image=&#8221;https:\/\/mgi-ci5.com\/wp-content\/uploads\/2025\/04\/statistique-compagnie-maritime-mgi-ci5-port-community-system-pcs-logistique-portuaire-a-propos.png&#8221; alt=&#8221;gain-productivite&#8221; image_icon_width=&#8221;70%&#8221; admin_label=&#8221;Gain en productivit\u00e9&#8221; module_class=&#8221;avantage-module align-left&#8221; _builder_version=&#8221;4.27.4&#8243; _module_preset=&#8221;default&#8221; header_level=&#8221;h3&#8243; animation=&#8221;off&#8221; global_colors_info=&#8221;{}&#8221;]This solution allows you to optimize tracking and automatically retrieve information in your TMS.[\/et_pb_blurb][et_pb_blurb title=&#8221;Traffic analysis and statistics&#8221; image=&#8221;https:\/\/mgi-ci5.com\/wp-content\/uploads\/2025\/04\/analyse-administration-de-controle-mgi-ci5-port-community-system-pcs-logistique-portuaire-a-propos.png&#8221; alt=&#8221;visibilite-marche&#8221; image_icon_width=&#8221;70%&#8221; admin_label=&#8221;Analyse de trafics et statistiques&#8221; module_class=&#8221;avantage-module align-left&#8221; _builder_version=&#8221;4.27.4&#8243; _module_preset=&#8221;default&#8221; header_level=&#8221;h3&#8243; animation=&#8221;off&#8221; global_colors_info=&#8221;{}&#8221;]You will be able to view and monitor traffic in order to analyze trends, assess port performance in terms of flow, and support continuous improvement with the goal of attracting more traffic.[\/et_pb_blurb][et_pb_blurb title=&#8221;R\u00e9ception de notifications par Ci5&#8243; image=&#8221;https:\/\/mgi-ci5.com\/wp-content\/uploads\/2025\/04\/notification-compagnie-maritime-mgi-ci5-port-community-system-pcs-logistique-portuaire-a-propos.png&#8221; alt=&#8221;visibilite-marche&#8221; image_icon_width=&#8221;70%&#8221; admin_label=&#8221;R\u00e9ception de notifications par Ci5&#8243; module_class=&#8221;avantage-module align-left&#8221; _builder_version=&#8221;4.27.4&#8243; _module_preset=&#8221;default&#8221; header_level=&#8221;h3&#8243; animation=&#8221;off&#8221; global_colors_info=&#8221;{}&#8221;]Optimiser le temps de travail des op\u00e9rateurs en identifiant les \u00e9v\u00e9nements pouvant alt\u00e9rer la fluidit\u00e9 et en proposant une solution de r\u00e9solution \/ contournement.[\/et_pb_blurb][\/et_pb_column][\/et_pb_row][\/et_pb_section][et_pb_section fb_built=&#8221;1&#8243; admin_label=&#8221;Des solutions sur mesure&#8221; module_id=&#8221;solutions&#8221; _builder_version=&#8221;4.27.4&#8243; _module_preset=&#8221;default&#8221; global_colors_info=&#8221;{}&#8221;][et_pb_row admin_label=&#8221;Ligne Titre&#8221; module_class=&#8221;title-row align-left&#8221; _builder_version=&#8221;4.27.4&#8243; _module_preset=&#8221;default&#8221; global_colors_info=&#8221;{}&#8221;][et_pb_column type=&#8221;4_4&#8243; _builder_version=&#8221;4.27.4&#8243; _module_preset=&#8221;default&#8221; global_colors_info=&#8221;{}&#8221;][et_pb_text admin_label=&#8221;Surtitre&#8221; module_class=&#8221;subtitle-module &#8221; _builder_version=&#8221;4.27.4&#8243; _module_preset=&#8221;default&#8221; global_colors_info=&#8221;{}&#8221;]<\/p>\n<p>Tailor-made solutions<\/p>\n<p>[\/et_pb_text][et_pb_cta title=&#8221;Discover solutions tailored to <span>your needs<\/span>&#8221; admin_label=&#8221;Titre de section&#8221; module_class=&#8221;title-module&#8221; _builder_version=&#8221;4.27.4&#8243; _module_preset=&#8221;default&#8221; background_layout=&#8221;light&#8221; global_colors_info=&#8221;{}&#8221;]MGI solutions are designed with operational needs in mind. They help port directors gain better traceability and control over their cargo.[\/et_pb_cta][\/et_pb_column][\/et_pb_row][et_pb_row module_class=&#8221;solutions-row&#8221; _builder_version=&#8221;4.27.4&#8243; _module_preset=&#8221;default&#8221; locked=&#8221;off&#8221; global_colors_info=&#8221;{}&#8221;][et_pb_column type=&#8221;4_4&#8243; _builder_version=&#8221;4.27.4&#8243; _module_preset=&#8221;default&#8221; global_colors_info=&#8221;{}&#8221;][et_pb_db_filter_loop post_type_choose=&#8221;solution&#8221; cat_loop_style=&#8221;on&#8221; loop_templates=&#8221;divi-blog&#8221; is_main_loop=&#8221;off&#8221; custom_loop=&#8221;on&#8221; custom_tax_choose=&#8221;categorie-solution&#8221; include_taxomony=&#8221;port-director&#8221; order_asc_desc=&#8221;DESC&#8221; enable_overlay=&#8221;off&#8221; show_read_more=&#8221;on&#8221; read_more_text=&#8221;Cela m&#8217;int\u00e9resse&#8221; show_author=&#8221;off&#8221; show_date=&#8221;off&#8221; show_categories=&#8221;off&#8221; admin_label=&#8221;Liste solutions&#8221; module_class=&#8221;solutions-results&#8221; _builder_version=&#8221;4.27.4&#8243; _module_preset=&#8221;default&#8221; hover_enabled=&#8221;0&#8243; global_colors_info=&#8221;{}&#8221; sticky_enabled=&#8221;0&#8243;][\/et_pb_db_filter_loop][\/et_pb_column][\/et_pb_row][\/et_pb_section][et_pb_section fb_built=&#8221;1&#8243; admin_label=&#8221;T\u00e9moignages de clients&#8221; _builder_version=&#8221;4.27.4&#8243; _module_preset=&#8221;default&#8221; animation_style=&#8221;fade&#8221; global_module=&#8221;22352&#8243; collapsed=&#8221;off&#8221; global_colors_info=&#8221;{}&#8221;][et_pb_row admin_label=&#8221;Ligne Titre&#8221; module_class=&#8221;title-row &#8221; _builder_version=&#8221;4.27.4&#8243; _module_preset=&#8221;default&#8221; locked=&#8221;off&#8221; global_colors_info=&#8221;{}&#8221;][et_pb_column type=&#8221;4_4&#8243; _builder_version=&#8221;4.27.4&#8243; _module_preset=&#8221;default&#8221; global_colors_info=&#8221;{}&#8221;][et_pb_text admin_label=&#8221;Surtitre&#8221; module_class=&#8221;subtitle-module&#8221; _builder_version=&#8221;4.27.4&#8243; _module_preset=&#8221;default&#8221; global_colors_info=&#8221;{}&#8221;]Customer Testimonials[\/et_pb_text][et_pb_cta title=&#8221;Client <span>voices<\/span>&#8221; button_url=&#8221;#&#8221; admin_label=&#8221;Titre de section&#8221; module_class=&#8221;title-module&#8221; _builder_version=&#8221;4.27.4&#8243; _module_preset=&#8221;default&#8221; background_layout=&#8221;light&#8221; global_colors_info=&#8221;{}&#8221;]Our clients and users from across the global supply chain rely on our solutions to optimize their cargo flows, enhance productivity, and improve risk management.[\/et_pb_cta][\/et_pb_column][\/et_pb_row][et_pb_row module_class=&#8221;temoignage-row&#8221; _builder_version=&#8221;4.27.4&#8243; _module_preset=&#8221;default&#8221; global_colors_info=&#8221;{}&#8221;][et_pb_column type=&#8221;4_4&#8243; _builder_version=&#8221;4.27.4&#8243; _module_preset=&#8221;default&#8221; global_colors_info=&#8221;{}&#8221;][dipl_testimonial_slider include_categories=&#8221;187&#8243; show_rating=&#8221;off&#8221; show_author_image=&#8221;off&#8221; show_author_designation=&#8221;off&#8221; auto_height_slider=&#8221;on&#8221; slider_loop=&#8221;on&#8221; autoplay=&#8221;off&#8221; show_arrow=&#8221;on&#8221; show_arrow_on_hover=&#8221;on&#8221; arrows_position=&#8221;outside&#8221; show_control_dot=&#8221;on&#8221; control_dot_active_color=&#8221;#003362&#8243; control_dot_inactive_color=&#8221;rgba(0,51,98,0.2)&#8221; show_opening_quote_icon=&#8221;off&#8221; testimonial_per_slide_tablet=&#8221;1&#8243; testimonial_per_slide_phone=&#8221;1&#8243; admin_label=&#8221;T\u00e9moignages&#8221; module_class=&#8221;temoignage-module&#8221; _builder_version=&#8221;4.27.4&#8243; _module_preset=&#8221;default&#8221; global_colors_info=&#8221;{}&#8221;][\/dipl_testimonial_slider][\/et_pb_column][\/et_pb_row][\/et_pb_section][et_pb_section fb_built=&#8221;1&#8243; admin_label=&#8221;CTA : Prenons contact&#8221; module_class=&#8221;cta-section fullwidth-section bg-gradient&#8221; _builder_version=&#8221;4.27.4&#8243; _module_preset=&#8221;default&#8221; use_background_color_gradient=&#8221;on&#8221; background_color_gradient_direction=&#8221;120deg&#8221; background_color_gradient_stops=&#8221;rgba(0,45,114,0.9) 0%|rgba(0,62,156,0.9) 100%&#8221; background_color_gradient_overlays_image=&#8221;on&#8221; background_image=&#8221;https:\/\/mgi-ci5.com\/wp-content\/uploads\/2025\/02\/kurt-cotoaga-MP6FMO8khn4-unsplash.jpg&#8221; animation_style=&#8221;fade&#8221; collapsed=&#8221;off&#8221; global_colors_info=&#8221;{}&#8221;][et_pb_row admin_label=&#8221;Ligne Titre&#8221; module_class=&#8221;title-row &#8221; _builder_version=&#8221;4.27.4&#8243; _module_preset=&#8221;default&#8221; locked=&#8221;off&#8221; global_colors_info=&#8221;{}&#8221;][et_pb_column type=&#8221;4_4&#8243; _builder_version=&#8221;4.27.4&#8243; _module_preset=&#8221;default&#8221; global_colors_info=&#8221;{}&#8221;][et_pb_text admin_label=&#8221;Surtitre&#8221; module_class=&#8221;subtitle-module align-left&#8221; _builder_version=&#8221;4.27.4&#8243; _module_preset=&#8221;default&#8221; global_colors_info=&#8221;{}&#8221;]Need help?[\/et_pb_text][et_pb_cta title=&#8221;A team of experts <span>here for you<\/span>&#8221; button_url=&#8221;@ET-DC@eyJkeW5hbWljIjp0cnVlLCJjb250ZW50IjoicG9zdF9saW5rX3VybF9wYWdlIiwic2V0dGluZ3MiOnsicG9zdF9pZCI6IjU1MyJ9fQ==@&#8221; button_text=&#8221;Contact Us&#8221; admin_label=&#8221;Titre de section&#8221; module_class=&#8221;title-module&#8221; _builder_version=&#8221;4.27.4&#8243; _dynamic_attributes=&#8221;button_url&#8221; _module_preset=&#8221;default&#8221; background_layout=&#8221;light&#8221; global_colors_info=&#8221;{}&#8221;]Here to support you every step of the way.[\/et_pb_cta][\/et_pb_column][\/et_pb_row][\/et_pb_section][et_pb_section fb_built=&#8221;1&#8243; admin_label=&#8221;Suivez-nous sur nos r\u00e9seaux Anglais&#8221; _builder_version=&#8221;4.27.4&#8243; _module_preset=&#8221;default&#8221; animation_style=&#8221;fade&#8221; global_module=&#8221;22417&#8243; collapsed=&#8221;off&#8221; global_colors_info=&#8221;{}&#8221;][et_pb_row admin_label=&#8221;Ligne Titre&#8221; module_class=&#8221;title-row&#8221; _builder_version=&#8221;4.27.4&#8243; _module_preset=&#8221;default&#8221; locked=&#8221;off&#8221; global_colors_info=&#8221;{}&#8221;][et_pb_column type=&#8221;4_4&#8243; _builder_version=&#8221;4.27.4&#8243; _module_preset=&#8221;default&#8221; global_colors_info=&#8221;{}&#8221;][et_pb_text admin_label=&#8221;Surtitre&#8221; module_class=&#8221;subtitle-module&#8221; _builder_version=&#8221;4.27.4&#8243; _module_preset=&#8221;default&#8221; global_colors_info=&#8221;{}&#8221;]MGI Live[\/et_pb_text][et_pb_cta title=&#8221;Connect with us <br \/>on <span>social media<\/span>&#8221; admin_label=&#8221;Titre de section&#8221; module_class=&#8221;title-module&#8221; _builder_version=&#8221;4.27.4&#8243; _module_preset=&#8221;default&#8221; background_layout=&#8221;light&#8221; global_colors_info=&#8221;{}&#8221;][\/et_pb_cta][\/et_pb_column][\/et_pb_row][et_pb_row module_class=&#8221;social-row flex-four&#8221; _builder_version=&#8221;4.27.4&#8243; _module_preset=&#8221;default&#8221; global_colors_info=&#8221;{}&#8221;][et_pb_column type=&#8221;4_4&#8243; _builder_version=&#8221;4.27.4&#8243; _module_preset=&#8221;default&#8221; global_colors_info=&#8221;{}&#8221;][et_pb_image src=&#8221;https:\/\/mgi-ci5.com\/wp-content\/uploads\/2025\/02\/linkedin-in-brands-solid.svg&#8221; alt=&#8221;Linkedin MGI&#8221; title_text=&#8221;Linkedin MGI&#8221; url=&#8221;https:\/\/www.linkedin.com\/company\/mgi-marseille-gyptis-international\/&#8221; url_new_window=&#8221;on&#8221; admin_label=&#8221;Linkedin&#8221; module_class=&#8221;social-module&#8221; _builder_version=&#8221;4.27.4&#8243; _module_preset=&#8221;default&#8221; global_colors_info=&#8221;{}&#8221;][\/et_pb_image][et_pb_image src=&#8221;https:\/\/mgi-ci5.com\/wp-content\/uploads\/2025\/02\/facebook-f-brands-solid.svg&#8221; alt=&#8221;Facebook MGI&#8221; title_text=&#8221;Facebook MGI&#8221; url=&#8221;https:\/\/fr-fr.facebook.com\/mgi.official\/&#8221; url_new_window=&#8221;on&#8221; admin_label=&#8221;Facebook&#8221; module_class=&#8221;social-module&#8221; _builder_version=&#8221;4.27.4&#8243; _module_preset=&#8221;default&#8221; global_colors_info=&#8221;{}&#8221;][\/et_pb_image][et_pb_image src=&#8221;https:\/\/mgi-ci5.com\/wp-content\/uploads\/2025\/02\/youtube-brands-solid.svg&#8221; alt=&#8221;Youtube MGI&#8221; title_text=&#8221;Youtube MGI&#8221; url=&#8221;https:\/\/www.youtube.com\/@mgi-ci5&#8243; url_new_window=&#8221;on&#8221; admin_label=&#8221;Youtube&#8221; module_class=&#8221;social-module&#8221; _builder_version=&#8221;4.27.4&#8243; _module_preset=&#8221;default&#8221; global_colors_info=&#8221;{}&#8221;][\/et_pb_image][\/et_pb_column][\/et_pb_row][\/et_pb_section]<\/p>\n","protected":false},"excerpt":{"rendered":"<p><span><span><a href=\"https:\/\/mgi-ci5.com\/en\/\">Accueil<\/a><\/span><\/span>Ensure the smooth operation of your local authority\u2019s port or ports in compliance with property, operational, and safety regulations.BenefitsThe future of freight transport lies in door-to-door traceability, providing full visibility into every stage of transit to better steer, plan, and manage the global supply chain.This solution allows you to optimize tracking and automatically retrieve information [&hellip;]<\/p>\n","protected":false},"author":9,"featured_media":0,"parent":22520,"menu_order":0,"comment_status":"closed","ping_status":"closed","template":"","meta":{"_acf_changed":false,"_et_pb_use_builder":"on","_et_pb_old_content":"","_et_gb_content_width":"","footnotes":""},"class_list":["post-22438","page","type-page","status-publish","hentry"],"acf":[],"yoast_head":"<!-- This site is optimized with the Yoast SEO plugin v26.8 - https:\/\/yoast.com\/product\/yoast-seo-wordpress\/ -->\n<title>Port director - Port Community Systems - MGI<\/title>\n<meta name=\"description\" content=\"Optimize operational efficiency and ensure the smooth running of your local authority\u2019s ports \u2013 MGI (Marseille Gyptis International)\" \/>\n<meta name=\"robots\" content=\"index, follow, max-snippet:-1, max-image-preview:large, max-video-preview:-1\" \/>\n<link rel=\"canonical\" href=\"https:\/\/mgi-ci5.com\/en\/roles\/port-director\/\" \/>\n<meta property=\"og:locale\" content=\"en_US\" \/>\n<meta property=\"og:type\" content=\"article\" \/>\n<meta property=\"og:title\" content=\"Port director - Port Community Systems - MGI\" \/>\n<meta property=\"og:description\" content=\"Optimize operational efficiency and ensure the smooth running of your local authority\u2019s ports \u2013 MGI (Marseille Gyptis International)\" \/>\n<meta property=\"og:url\" content=\"https:\/\/mgi-ci5.com\/en\/roles\/port-director\/\" \/>\n<meta property=\"og:site_name\" content=\"Experts en Port Community Systems - MGI\" \/>\n<meta property=\"article:modified_time\" content=\"2025-07-09T15:06:24+00:00\" \/>\n<meta name=\"twitter:card\" content=\"summary_large_image\" \/>\n<meta name=\"twitter:label1\" content=\"Est. reading time\" \/>\n\t<meta name=\"twitter:data1\" content=\"5 minutes\" \/>\n<script type=\"application\/ld+json\" class=\"yoast-schema-graph\">{\"@context\":\"https:\/\/schema.org\",\"@graph\":[{\"@type\":\"WebPage\",\"@id\":\"https:\/\/mgi-ci5.com\/en\/roles\/port-director\/\",\"url\":\"https:\/\/mgi-ci5.com\/en\/roles\/port-director\/\",\"name\":\"Port director - Port Community Systems - MGI\",\"isPartOf\":{\"@id\":\"https:\/\/mgi-ci5.com\/#website\"},\"datePublished\":\"2025-04-14T14:36:08+00:00\",\"dateModified\":\"2025-07-09T15:06:24+00:00\",\"description\":\"Optimize operational efficiency and ensure the smooth running of your local authority\u2019s ports \u2013 MGI (Marseille Gyptis International)\",\"breadcrumb\":{\"@id\":\"https:\/\/mgi-ci5.com\/en\/roles\/port-director\/#breadcrumb\"},\"inLanguage\":\"en-US\",\"potentialAction\":[{\"@type\":\"ReadAction\",\"target\":[\"https:\/\/mgi-ci5.com\/en\/roles\/port-director\/\"]}]},{\"@type\":\"BreadcrumbList\",\"@id\":\"https:\/\/mgi-ci5.com\/en\/roles\/port-director\/#breadcrumb\",\"itemListElement\":[{\"@type\":\"ListItem\",\"position\":1,\"name\":\"Accueil\",\"item\":\"https:\/\/mgi-ci5.com\/en\/\"},{\"@type\":\"ListItem\",\"position\":2,\"name\":\"Roles\",\"item\":\"https:\/\/mgi-ci5.com\/en\/roles\/\"},{\"@type\":\"ListItem\",\"position\":3,\"name\":\"Port director\"}]},{\"@type\":\"WebSite\",\"@id\":\"https:\/\/mgi-ci5.com\/#website\",\"url\":\"https:\/\/mgi-ci5.com\/\",\"name\":\"Experts in Port Community System - MGI\",\"description\":\"\",\"potentialAction\":[{\"@type\":\"SearchAction\",\"target\":{\"@type\":\"EntryPoint\",\"urlTemplate\":\"https:\/\/mgi-ci5.com\/?s={search_term_string}\"},\"query-input\":{\"@type\":\"PropertyValueSpecification\",\"valueRequired\":true,\"valueName\":\"search_term_string\"}}],\"inLanguage\":\"en-US\"}]}<\/script>\n<!-- \/ Yoast SEO plugin. -->","yoast_head_json":{"title":"Port director - Port Community Systems - MGI","description":"Optimize operational efficiency and ensure the smooth running of your local authority\u2019s ports \u2013 MGI (Marseille Gyptis International)","robots":{"index":"index","follow":"follow","max-snippet":"max-snippet:-1","max-image-preview":"max-image-preview:large","max-video-preview":"max-video-preview:-1"},"canonical":"https:\/\/mgi-ci5.com\/en\/roles\/port-director\/","og_locale":"en_US","og_type":"article","og_title":"Port director - Port Community Systems - MGI","og_description":"Optimize operational efficiency and ensure the smooth running of your local authority\u2019s ports \u2013 MGI (Marseille Gyptis International)","og_url":"https:\/\/mgi-ci5.com\/en\/roles\/port-director\/","og_site_name":"Experts en Port Community Systems - MGI","article_modified_time":"2025-07-09T15:06:24+00:00","twitter_card":"summary_large_image","twitter_misc":{"Est. reading time":"5 minutes"},"schema":{"@context":"https:\/\/schema.org","@graph":[{"@type":"WebPage","@id":"https:\/\/mgi-ci5.com\/en\/roles\/port-director\/","url":"https:\/\/mgi-ci5.com\/en\/roles\/port-director\/","name":"Port director - Port Community Systems - MGI","isPartOf":{"@id":"https:\/\/mgi-ci5.com\/#website"},"datePublished":"2025-04-14T14:36:08+00:00","dateModified":"2025-07-09T15:06:24+00:00","description":"Optimize operational efficiency and ensure the smooth running of your local authority\u2019s ports \u2013 MGI (Marseille Gyptis International)","breadcrumb":{"@id":"https:\/\/mgi-ci5.com\/en\/roles\/port-director\/#breadcrumb"},"inLanguage":"en-US","potentialAction":[{"@type":"ReadAction","target":["https:\/\/mgi-ci5.com\/en\/roles\/port-director\/"]}]},{"@type":"BreadcrumbList","@id":"https:\/\/mgi-ci5.com\/en\/roles\/port-director\/#breadcrumb","itemListElement":[{"@type":"ListItem","position":1,"name":"Accueil","item":"https:\/\/mgi-ci5.com\/en\/"},{"@type":"ListItem","position":2,"name":"Roles","item":"https:\/\/mgi-ci5.com\/en\/roles\/"},{"@type":"ListItem","position":3,"name":"Port director"}]},{"@type":"WebSite","@id":"https:\/\/mgi-ci5.com\/#website","url":"https:\/\/mgi-ci5.com\/","name":"Experts in Port Community System - MGI","description":"","potentialAction":[{"@type":"SearchAction","target":{"@type":"EntryPoint","urlTemplate":"https:\/\/mgi-ci5.com\/?s={search_term_string}"},"query-input":{"@type":"PropertyValueSpecification","valueRequired":true,"valueName":"search_term_string"}}],"inLanguage":"en-US"}]}},"_links":{"self":[{"href":"https:\/\/mgi-ci5.com\/en\/wp-json\/wp\/v2\/pages\/22438","targetHints":{"allow":["GET"]}}],"collection":[{"href":"https:\/\/mgi-ci5.com\/en\/wp-json\/wp\/v2\/pages"}],"about":[{"href":"https:\/\/mgi-ci5.com\/en\/wp-json\/wp\/v2\/types\/page"}],"author":[{"embeddable":true,"href":"https:\/\/mgi-ci5.com\/en\/wp-json\/wp\/v2\/users\/9"}],"replies":[{"embeddable":true,"href":"https:\/\/mgi-ci5.com\/en\/wp-json\/wp\/v2\/comments?post=22438"}],"version-history":[{"count":7,"href":"https:\/\/mgi-ci5.com\/en\/wp-json\/wp\/v2\/pages\/22438\/revisions"}],"predecessor-version":[{"id":23786,"href":"https:\/\/mgi-ci5.com\/en\/wp-json\/wp\/v2\/pages\/22438\/revisions\/23786"}],"up":[{"embeddable":true,"href":"https:\/\/mgi-ci5.com\/en\/wp-json\/wp\/v2\/pages\/22520"}],"wp:attachment":[{"href":"https:\/\/mgi-ci5.com\/en\/wp-json\/wp\/v2\/media?parent=22438"}],"curies":[{"name":"wp","href":"https:\/\/api.w.org\/{rel}","templated":true}]}}