{"id":22667,"date":"2025-02-04T10:21:07","date_gmt":"2025-02-04T09:21:07","guid":{"rendered":"https:\/\/dev.mgi-ci5.com\/clients\/"},"modified":"2025-12-22T11:00:59","modified_gmt":"2025-12-22T10:00:59","slug":"clients","status":"publish","type":"page","link":"https:\/\/mgi-ci5.com\/en\/clients\/","title":{"rendered":"Clients"},"content":{"rendered":"<p>[et_pb_section fb_built=&#8221;1&#8243; admin_label=&#8221;Header page interne&#8221; module_class=&#8221;header-section internal header-page&#8221; _builder_version=&#8221;4.27.4&#8243; _module_preset=&#8221;default&#8221; background_enable_color=&#8221;off&#8221; use_background_color_gradient=&#8221;on&#8221; background_color_gradient_direction=&#8221;120deg&#8221; background_color_gradient_stops=&#8221;rgba(0,45,114,0.9) 0%|rgba(0,45,114,0.9) 100%&#8221; background_color_gradient_overlays_image=&#8221;on&#8221; background_enable_image=&#8221;off&#8221; locked=&#8221;off&#8221; global_colors_info=&#8221;{}&#8221;][et_pb_row module_class=&#8221;header-row align-left&#8221; _builder_version=&#8221;4.27.4&#8243; _module_preset=&#8221;default&#8221; global_colors_info=&#8221;{}&#8221;][et_pb_column type=&#8221;4_4&#8243; _builder_version=&#8221;4.27.4&#8243; _module_preset=&#8221;default&#8221; global_colors_info=&#8221;{}&#8221;][et_pb_cta title=&#8221;Our clients in the spotlight<span>.<\/span>&#8221; button_url=&#8221;#&#8221; admin_label=&#8221;Titre de la page&#8221; module_class=&#8221;title-module btn-border&#8221; _builder_version=&#8221;4.27.4&#8243; _module_preset=&#8221;default&#8221; header_level=&#8221;h1&#8243; background_layout=&#8221;light&#8221; global_colors_info=&#8221;{}&#8221;]MGI supports its clients in their digitalization projects and deployment of a Port Community System (PCS) by favoring a pragmatic, participative, and structuring approach.[\/et_pb_cta][\/et_pb_column][\/et_pb_row][\/et_pb_section][et_pb_section fb_built=&#8221;1&#8243; admin_label=&#8221;Marseille Fos&#8221; module_class=&#8221;ab-section&#8221; _builder_version=&#8221;4.27.4&#8243; _module_preset=&#8221;default&#8221; collapsed=&#8221;off&#8221; global_colors_info=&#8221;{}&#8221;][et_pb_row column_structure=&#8221;1_2,1_2&#8243; module_class=&#8221;ab-row&#8221; _builder_version=&#8221;4.27.4&#8243; _module_preset=&#8221;default&#8221; animation_style=&#8221;fade&#8221; collapsed=&#8221;off&#8221; global_colors_info=&#8221;{}&#8221;][et_pb_column type=&#8221;1_2&#8243; module_class=&#8221;ab-img-col&#8221; _builder_version=&#8221;4.27.4&#8243; _module_preset=&#8221;default&#8221; global_colors_info=&#8221;{}&#8221;][et_pb_image src=&#8221;http:\/\/mgi-ci5.com\/wp-content\/uploads\/2025\/12\/Marseille-fos-cas-clients-mgi-ci5-port-community-systems-pcs-logistique-portuaire.png&#8221; alt=&#8221;port-de-marseille&#8221; title_text=&#8221;Marseille-fos-cas-clients-mgi-ci5-port-community-systems-pcs-logistique-portuaire&#8221; src_last_edited=&#8221;off|desktop&#8221; admin_label=&#8221;Image&#8221; module_class=&#8221;ab-img&#8221; _builder_version=&#8221;4.27.4&#8243; _module_preset=&#8221;default&#8221; global_colors_info=&#8221;{}&#8221;][\/et_pb_image][\/et_pb_column][et_pb_column type=&#8221;1_2&#8243; module_class=&#8221;ab-content-col&#8221; _builder_version=&#8221;4.27.4&#8243; _module_preset=&#8221;default&#8221; global_colors_info=&#8221;{}&#8221;][et_pb_text admin_label=&#8221;Surtitre&#8221; module_class=&#8221;subtitle-module&#8221; _builder_version=&#8221;4.27.4&#8243; _module_preset=&#8221;default&#8221; locked=&#8221;off&#8221; global_colors_info=&#8221;{}&#8221;]Marseille FOS[\/et_pb_text][et_pb_cta title=&#8221;Objective achieved thanks to <span>MGI<\/span>&#8221; button_url=&#8221;@ET-DC@eyJkeW5hbWljIjp0cnVlLCJjb250ZW50IjoicG9zdF9saW5rX3VybF9jYXMtY2xpZW50Iiwic2V0dGluZ3MiOnsicG9zdF9pZCI6IjIwMzQyIn19@&#8221; button_text=&#8221;Learn more&#8221; admin_label=&#8221;Contenu&#8221; module_class=&#8221;ab-content btn-text&#8221; _builder_version=&#8221;4.27.4&#8243; _dynamic_attributes=&#8221;button_url&#8221; _module_preset=&#8221;default&#8221; background_layout=&#8221;light&#8221; global_colors_info=&#8221;{}&#8221;]Bringing the port into the era of smart ports in terms of goods management through the implementation of a next-generation Port Community System integrating innovations related to big data, IoT, artificial intelligence, blockchain, smart containers capable of connecting to all types of information systems.[\/et_pb_cta][\/et_pb_column][\/et_pb_row][\/et_pb_section][et_pb_section fb_built=&#8221;1&#8243; admin_label=&#8221;Lyon terminal&#8221; module_class=&#8221;ab-section&#8221; _builder_version=&#8221;4.27.4&#8243; _module_preset=&#8221;default&#8221; collapsed=&#8221;off&#8221; global_colors_info=&#8221;{}&#8221;][et_pb_row column_structure=&#8221;1_2,1_2&#8243; module_class=&#8221;ab-row&#8221; _builder_version=&#8221;4.27.4&#8243; _module_preset=&#8221;default&#8221; animation_style=&#8221;fade&#8221; collapsed=&#8221;off&#8221; global_colors_info=&#8221;{}&#8221;][et_pb_column type=&#8221;1_2&#8243; module_class=&#8221;ab-content-col&#8221; _builder_version=&#8221;4.27.4&#8243; _module_preset=&#8221;default&#8221; global_colors_info=&#8221;{}&#8221;][et_pb_text admin_label=&#8221;Surtitre&#8221; module_class=&#8221;subtitle-module&#8221; _builder_version=&#8221;4.27.4&#8243; _module_preset=&#8221;default&#8221; hover_enabled=&#8221;0&#8243; locked=&#8221;off&#8221; global_colors_info=&#8221;{}&#8221; sticky_enabled=&#8221;0&#8243;]Rh\u00f4ne\/Sa\u00f4ne Corridor[\/et_pb_text][et_pb_cta title=&#8221;The hinterland solution for better goods <span>traceability <\/span>&#8221; button_url=&#8221;@ET-DC@eyJkeW5hbWljIjp0cnVlLCJjb250ZW50IjoicG9zdF9saW5rX3VybF9jYXMtY2xpZW50Iiwic2V0dGluZ3MiOnsicG9zdF9pZCI6IjIxMzMzIn19@&#8221; button_text=&#8221;Learn more&#8221; admin_label=&#8221;Contenu&#8221; module_class=&#8221;ab-content btn-text&#8221; _builder_version=&#8221;4.27.4&#8243; _dynamic_attributes=&#8221;button_url&#8221; _module_preset=&#8221;default&#8221; background_layout=&#8221;light&#8221; global_colors_info=&#8221;{}&#8221;]Inland+, a pre- and post-shipment module to promote the use of mass transport and provide visibility on goods exiting the port during transport to the logistics platform.[\/et_pb_cta][\/et_pb_column][et_pb_column type=&#8221;1_2&#8243; module_class=&#8221;ab-img-col&#8221; _builder_version=&#8221;4.27.4&#8243; _module_preset=&#8221;default&#8221; global_colors_info=&#8221;{}&#8221;][et_pb_image src=&#8221;http:\/\/mgi-ci5.com\/wp-content\/uploads\/2023\/02\/CNR-lyon-mgi-ci5-port-community-systems-pcs-logistique-portuaire.jpg&#8221; alt=&#8221;port-de-marseille&#8221; title_text=&#8221;CNR-lyon-mgi-ci5-port-community-systems-pcs-logistique-portuaire&#8221; src_last_edited=&#8221;off|desktop&#8221; admin_label=&#8221;Image&#8221; module_class=&#8221;ab-img&#8221; _builder_version=&#8221;4.27.4&#8243; _module_preset=&#8221;default&#8221; global_colors_info=&#8221;{}&#8221;][\/et_pb_image][\/et_pb_column][\/et_pb_row][\/et_pb_section][et_pb_section fb_built=&#8221;1&#8243; admin_label=&#8221;T\u00e9moignages de clients&#8221; _builder_version=&#8221;4.27.4&#8243; _module_preset=&#8221;default&#8221; animation_style=&#8221;fade&#8221; global_module=&#8221;22352&#8243; collapsed=&#8221;off&#8221; global_colors_info=&#8221;{}&#8221;][et_pb_row admin_label=&#8221;Ligne Titre&#8221; module_class=&#8221;title-row &#8221; _builder_version=&#8221;4.27.4&#8243; _module_preset=&#8221;default&#8221; locked=&#8221;off&#8221; global_colors_info=&#8221;{}&#8221;][et_pb_column type=&#8221;4_4&#8243; _builder_version=&#8221;4.27.4&#8243; _module_preset=&#8221;default&#8221; global_colors_info=&#8221;{}&#8221;][et_pb_text admin_label=&#8221;Surtitre&#8221; module_class=&#8221;subtitle-module&#8221; _builder_version=&#8221;4.27.4&#8243; _module_preset=&#8221;default&#8221; global_colors_info=&#8221;{}&#8221;]Customer Testimonials[\/et_pb_text][et_pb_cta title=&#8221;Client <span>voices<\/span>&#8221; button_url=&#8221;#&#8221; admin_label=&#8221;Titre de section&#8221; module_class=&#8221;title-module&#8221; _builder_version=&#8221;4.27.4&#8243; _module_preset=&#8221;default&#8221; background_layout=&#8221;light&#8221; global_colors_info=&#8221;{}&#8221;]Our clients and users from across the global supply chain rely on our solutions to optimize their cargo flows, enhance productivity, and improve risk management.[\/et_pb_cta][\/et_pb_column][\/et_pb_row][et_pb_row module_class=&#8221;temoignage-row&#8221; _builder_version=&#8221;4.27.4&#8243; _module_preset=&#8221;default&#8221; global_colors_info=&#8221;{}&#8221;][et_pb_column type=&#8221;4_4&#8243; _builder_version=&#8221;4.27.4&#8243; _module_preset=&#8221;default&#8221; global_colors_info=&#8221;{}&#8221;][dipl_testimonial_slider include_categories=&#8221;187&#8243; show_rating=&#8221;off&#8221; show_author_image=&#8221;off&#8221; show_author_designation=&#8221;off&#8221; auto_height_slider=&#8221;on&#8221; slider_loop=&#8221;on&#8221; autoplay=&#8221;off&#8221; show_arrow=&#8221;on&#8221; show_arrow_on_hover=&#8221;on&#8221; arrows_position=&#8221;outside&#8221; show_control_dot=&#8221;on&#8221; control_dot_active_color=&#8221;#003362&#8243; control_dot_inactive_color=&#8221;rgba(0,51,98,0.2)&#8221; show_opening_quote_icon=&#8221;off&#8221; testimonial_per_slide_tablet=&#8221;1&#8243; testimonial_per_slide_phone=&#8221;1&#8243; admin_label=&#8221;T\u00e9moignages&#8221; module_class=&#8221;temoignage-module&#8221; _builder_version=&#8221;4.27.4&#8243; _module_preset=&#8221;default&#8221; global_colors_info=&#8221;{}&#8221;][\/dipl_testimonial_slider][\/et_pb_column][\/et_pb_row][\/et_pb_section][et_pb_section fb_built=&#8221;1&#8243; admin_label=&#8221;Nos autres cas client&#8221; module_class=&#8221;blog-section&#8221; _builder_version=&#8221;4.27.4&#8243; _module_preset=&#8221;default&#8221; animation_style=&#8221;fade&#8221; locked=&#8221;off&#8221; collapsed=&#8221;off&#8221; global_colors_info=&#8221;{}&#8221;][et_pb_row module_class=&#8221;title-row align-center&#8221; _builder_version=&#8221;4.27.4&#8243; _module_preset=&#8221;default&#8221; locked=&#8221;off&#8221; global_colors_info=&#8221;{}&#8221;][et_pb_column type=&#8221;4_4&#8243; _builder_version=&#8221;4.27.4&#8243; _module_preset=&#8221;default&#8221; global_colors_info=&#8221;{}&#8221;][et_pb_cta title=&#8221;Our other <span>client cases<\/span>&#8221; button_url=&#8221;#&#8221; admin_label=&#8221;Titre de section&#8221; module_class=&#8221;title-module&#8221; _builder_version=&#8221;4.27.4&#8243; _module_preset=&#8221;default&#8221; background_layout=&#8221;light&#8221; global_colors_info=&#8221;{}&#8221;][\/et_pb_cta][\/et_pb_column][\/et_pb_row][et_pb_row module_class=&#8221;blog-row&#8221; _builder_version=&#8221;4.27.4&#8243; _module_preset=&#8221;default&#8221; locked=&#8221;off&#8221; global_colors_info=&#8221;{}&#8221;][et_pb_column type=&#8221;4_4&#8243; _builder_version=&#8221;4.27.4&#8243; _module_preset=&#8221;default&#8221; global_colors_info=&#8221;{}&#8221;][et_pb_db_filter_loop post_type_choose=&#8221;cas-client&#8221; cat_loop_style=&#8221;on&#8221; loop_templates=&#8221;divi-blog&#8221; enable_loadmore=&#8221;off&#8221; custom_loop=&#8221;on&#8221; order_asc_desc=&#8221;DESC&#8221; show_author=&#8221;off&#8221; date_format=&#8221;d\/m\/Y&#8221; disabled_on=&#8221;off|off|off&#8221; admin_label=&#8221;Liste des cas client&#8221; module_class=&#8221;blog-module&#8221; _builder_version=&#8221;4.27.4&#8243; _module_preset=&#8221;default&#8221; global_colors_info=&#8221;{}&#8221;][\/et_pb_db_filter_loop][\/et_pb_column][\/et_pb_row][\/et_pb_section][et_pb_section fb_built=&#8221;1&#8243; admin_label=&#8221;CTA : Prenons contact&#8221; module_class=&#8221;cta-section fullwidth-section bg-gradient&#8221; _builder_version=&#8221;4.27.4&#8243; _module_preset=&#8221;default&#8221; use_background_color_gradient=&#8221;on&#8221; background_color_gradient_direction=&#8221;120deg&#8221; background_color_gradient_stops=&#8221;rgba(0,45,114,0.9) 0%|rgba(0,62,156,0.9) 100%&#8221; background_color_gradient_overlays_image=&#8221;on&#8221; background_image=&#8221;https:\/\/mgi-ci5.com\/wp-content\/uploads\/2025\/02\/kurt-cotoaga-MP6FMO8khn4-unsplash.jpg&#8221; animation_style=&#8221;fade&#8221; locked=&#8221;off&#8221; collapsed=&#8221;off&#8221; global_colors_info=&#8221;{}&#8221;][et_pb_row admin_label=&#8221;Ligne Titre&#8221; module_class=&#8221;title-row &#8221; _builder_version=&#8221;4.27.4&#8243; _module_preset=&#8221;default&#8221; locked=&#8221;off&#8221; global_colors_info=&#8221;{}&#8221;][et_pb_column type=&#8221;4_4&#8243; _builder_version=&#8221;4.27.4&#8243; _module_preset=&#8221;default&#8221; global_colors_info=&#8221;{}&#8221;][et_pb_text admin_label=&#8221;Surtitre&#8221; module_class=&#8221;subtitle-module align-left&#8221; _builder_version=&#8221;4.27.4&#8243; _module_preset=&#8221;default&#8221; global_colors_info=&#8221;{}&#8221;]Let\u2019s get in touch[\/et_pb_text][et_pb_cta title=&#8221;Need <span>information<\/span>?&#8221; button_url=&#8221;@ET-DC@eyJkeW5hbWljIjp0cnVlLCJjb250ZW50IjoicG9zdF9saW5rX3VybF9wYWdlIiwic2V0dGluZ3MiOnsicG9zdF9pZCI6IjU1MyJ9fQ==@&#8221; button_text=&#8221;Let\u2019s get in touch&#8221; admin_label=&#8221;Titre de section&#8221; module_class=&#8221;title-module&#8221; _builder_version=&#8221;4.27.4&#8243; _dynamic_attributes=&#8221;button_url&#8221; _module_preset=&#8221;default&#8221; background_layout=&#8221;light&#8221; global_colors_info=&#8221;{}&#8221;]We are here to help you.[\/et_pb_cta][\/et_pb_column][\/et_pb_row][\/et_pb_section][et_pb_section fb_built=&#8221;1&#8243; admin_label=&#8221;Suivez-nous sur nos r\u00e9seaux Anglais&#8221; _builder_version=&#8221;4.27.4&#8243; _module_preset=&#8221;default&#8221; animation_style=&#8221;fade&#8221; global_module=&#8221;22417&#8243; collapsed=&#8221;off&#8221; global_colors_info=&#8221;{}&#8221;][et_pb_row admin_label=&#8221;Ligne Titre&#8221; module_class=&#8221;title-row&#8221; _builder_version=&#8221;4.27.4&#8243; _module_preset=&#8221;default&#8221; locked=&#8221;off&#8221; global_colors_info=&#8221;{}&#8221;][et_pb_column type=&#8221;4_4&#8243; _builder_version=&#8221;4.27.4&#8243; _module_preset=&#8221;default&#8221; global_colors_info=&#8221;{}&#8221;][et_pb_text admin_label=&#8221;Surtitre&#8221; module_class=&#8221;subtitle-module&#8221; _builder_version=&#8221;4.27.4&#8243; _module_preset=&#8221;default&#8221; global_colors_info=&#8221;{}&#8221;]MGI Live[\/et_pb_text][et_pb_cta title=&#8221;Connect with us <br \/>on <span>social media<\/span>&#8221; admin_label=&#8221;Titre de section&#8221; module_class=&#8221;title-module&#8221; _builder_version=&#8221;4.27.4&#8243; _module_preset=&#8221;default&#8221; background_layout=&#8221;light&#8221; global_colors_info=&#8221;{}&#8221;][\/et_pb_cta][\/et_pb_column][\/et_pb_row][et_pb_row module_class=&#8221;social-row flex-four&#8221; _builder_version=&#8221;4.27.4&#8243; _module_preset=&#8221;default&#8221; global_colors_info=&#8221;{}&#8221;][et_pb_column type=&#8221;4_4&#8243; _builder_version=&#8221;4.27.4&#8243; _module_preset=&#8221;default&#8221; global_colors_info=&#8221;{}&#8221;][et_pb_image src=&#8221;https:\/\/mgi-ci5.com\/wp-content\/uploads\/2025\/02\/linkedin-in-brands-solid.svg&#8221; alt=&#8221;Linkedin MGI&#8221; title_text=&#8221;Linkedin MGI&#8221; url=&#8221;https:\/\/www.linkedin.com\/company\/mgi-marseille-gyptis-international\/&#8221; url_new_window=&#8221;on&#8221; admin_label=&#8221;Linkedin&#8221; module_class=&#8221;social-module&#8221; _builder_version=&#8221;4.27.4&#8243; _module_preset=&#8221;default&#8221; global_colors_info=&#8221;{}&#8221;][\/et_pb_image][et_pb_image src=&#8221;https:\/\/mgi-ci5.com\/wp-content\/uploads\/2025\/02\/facebook-f-brands-solid.svg&#8221; alt=&#8221;Facebook MGI&#8221; title_text=&#8221;Facebook MGI&#8221; url=&#8221;https:\/\/fr-fr.facebook.com\/mgi.official\/&#8221; url_new_window=&#8221;on&#8221; admin_label=&#8221;Facebook&#8221; module_class=&#8221;social-module&#8221; _builder_version=&#8221;4.27.4&#8243; _module_preset=&#8221;default&#8221; global_colors_info=&#8221;{}&#8221;][\/et_pb_image][et_pb_image src=&#8221;https:\/\/mgi-ci5.com\/wp-content\/uploads\/2025\/02\/youtube-brands-solid.svg&#8221; alt=&#8221;Youtube MGI&#8221; title_text=&#8221;Youtube MGI&#8221; url=&#8221;https:\/\/www.youtube.com\/@mgi-ci5&#8243; url_new_window=&#8221;on&#8221; admin_label=&#8221;Youtube&#8221; module_class=&#8221;social-module&#8221; _builder_version=&#8221;4.27.4&#8243; _module_preset=&#8221;default&#8221; global_colors_info=&#8221;{}&#8221;][\/et_pb_image][\/et_pb_column][\/et_pb_row][\/et_pb_section]<\/p>\n","protected":false},"excerpt":{"rendered":"<p>MGI supports its clients in their digitalization projects and deployment of a Port Community System (PCS) by favoring a pragmatic, participative, and structuring approach.Marseille FOSBringing the port into the era of smart ports in terms of goods management through the implementation of a next-generation Port Community System integrating innovations related to big data, IoT, artificial [&hellip;]<\/p>\n","protected":false},"author":1,"featured_media":0,"parent":0,"menu_order":0,"comment_status":"closed","ping_status":"closed","template":"","meta":{"_acf_changed":false,"_et_pb_use_builder":"on","_et_pb_old_content":"","_et_gb_content_width":"","footnotes":""},"class_list":["post-22667","page","type-page","status-publish","hentry"],"acf":[],"yoast_head":"<!-- This site is optimized with the Yoast SEO plugin v26.8 - https:\/\/yoast.com\/product\/yoast-seo-wordpress\/ -->\n<title>R\u00e9ussites clients : Port Community Systems Ci5 - MGI<\/title>\n<meta name=\"description\" content=\"D\u00e9couvrez comment les clients MGI d\u00e9ploient nos Port Community Systems pour plus de fluidit\u00e9, tra\u00e7abilit\u00e9 et performance dans leurs cha\u00eenes logistiques - MGI (Marseille Gyptis International)\" \/>\n<meta name=\"robots\" content=\"index, follow, max-snippet:-1, max-image-preview:large, max-video-preview:-1\" \/>\n<link rel=\"canonical\" href=\"https:\/\/mgi-ci5.com\/en\/clients\/\" \/>\n<meta property=\"og:locale\" content=\"en_US\" \/>\n<meta property=\"og:type\" content=\"article\" \/>\n<meta property=\"og:title\" content=\"R\u00e9ussites clients : Port Community Systems Ci5 - MGI\" \/>\n<meta property=\"og:description\" content=\"D\u00e9couvrez comment les clients MGI d\u00e9ploient nos Port Community Systems pour plus de fluidit\u00e9, tra\u00e7abilit\u00e9 et performance dans leurs cha\u00eenes logistiques - MGI (Marseille Gyptis International)\" \/>\n<meta property=\"og:url\" content=\"https:\/\/mgi-ci5.com\/en\/clients\/\" \/>\n<meta property=\"og:site_name\" content=\"Experts en Port Community Systems - MGI\" \/>\n<meta property=\"article:modified_time\" content=\"2025-12-22T10:00:59+00:00\" \/>\n<meta name=\"twitter:card\" content=\"summary_large_image\" \/>\n<meta name=\"twitter:label1\" content=\"Est. reading time\" \/>\n\t<meta name=\"twitter:data1\" content=\"7 minutes\" \/>\n<script type=\"application\/ld+json\" class=\"yoast-schema-graph\">{\"@context\":\"https:\/\/schema.org\",\"@graph\":[{\"@type\":\"WebPage\",\"@id\":\"https:\/\/mgi-ci5.com\/en\/clients\/\",\"url\":\"https:\/\/mgi-ci5.com\/en\/clients\/\",\"name\":\"R\u00e9ussites clients : Port Community Systems Ci5 - MGI\",\"isPartOf\":{\"@id\":\"https:\/\/mgi-ci5.com\/#website\"},\"datePublished\":\"2025-02-04T09:21:07+00:00\",\"dateModified\":\"2025-12-22T10:00:59+00:00\",\"description\":\"D\u00e9couvrez comment les clients MGI d\u00e9ploient nos Port Community Systems pour plus de fluidit\u00e9, tra\u00e7abilit\u00e9 et performance dans leurs cha\u00eenes logistiques - MGI (Marseille Gyptis International)\",\"breadcrumb\":{\"@id\":\"https:\/\/mgi-ci5.com\/en\/clients\/#breadcrumb\"},\"inLanguage\":\"en-US\",\"potentialAction\":[{\"@type\":\"ReadAction\",\"target\":[\"https:\/\/mgi-ci5.com\/en\/clients\/\"]}]},{\"@type\":\"BreadcrumbList\",\"@id\":\"https:\/\/mgi-ci5.com\/en\/clients\/#breadcrumb\",\"itemListElement\":[{\"@type\":\"ListItem\",\"position\":1,\"name\":\"Accueil\",\"item\":\"https:\/\/mgi-ci5.com\/en\/\"},{\"@type\":\"ListItem\",\"position\":2,\"name\":\"Clients\"}]},{\"@type\":\"WebSite\",\"@id\":\"https:\/\/mgi-ci5.com\/#website\",\"url\":\"https:\/\/mgi-ci5.com\/\",\"name\":\"Experts in Port Community System - MGI\",\"description\":\"\",\"potentialAction\":[{\"@type\":\"SearchAction\",\"target\":{\"@type\":\"EntryPoint\",\"urlTemplate\":\"https:\/\/mgi-ci5.com\/?s={search_term_string}\"},\"query-input\":{\"@type\":\"PropertyValueSpecification\",\"valueRequired\":true,\"valueName\":\"search_term_string\"}}],\"inLanguage\":\"en-US\"}]}<\/script>\n<!-- \/ Yoast SEO plugin. -->","yoast_head_json":{"title":"R\u00e9ussites clients : Port Community Systems Ci5 - MGI","description":"D\u00e9couvrez comment les clients MGI d\u00e9ploient nos Port Community Systems pour plus de fluidit\u00e9, tra\u00e7abilit\u00e9 et performance dans leurs cha\u00eenes logistiques - MGI (Marseille Gyptis International)","robots":{"index":"index","follow":"follow","max-snippet":"max-snippet:-1","max-image-preview":"max-image-preview:large","max-video-preview":"max-video-preview:-1"},"canonical":"https:\/\/mgi-ci5.com\/en\/clients\/","og_locale":"en_US","og_type":"article","og_title":"R\u00e9ussites clients : Port Community Systems Ci5 - MGI","og_description":"D\u00e9couvrez comment les clients MGI d\u00e9ploient nos Port Community Systems pour plus de fluidit\u00e9, tra\u00e7abilit\u00e9 et performance dans leurs cha\u00eenes logistiques - MGI (Marseille Gyptis International)","og_url":"https:\/\/mgi-ci5.com\/en\/clients\/","og_site_name":"Experts en Port Community Systems - MGI","article_modified_time":"2025-12-22T10:00:59+00:00","twitter_card":"summary_large_image","twitter_misc":{"Est. reading time":"7 minutes"},"schema":{"@context":"https:\/\/schema.org","@graph":[{"@type":"WebPage","@id":"https:\/\/mgi-ci5.com\/en\/clients\/","url":"https:\/\/mgi-ci5.com\/en\/clients\/","name":"R\u00e9ussites clients : Port Community Systems Ci5 - MGI","isPartOf":{"@id":"https:\/\/mgi-ci5.com\/#website"},"datePublished":"2025-02-04T09:21:07+00:00","dateModified":"2025-12-22T10:00:59+00:00","description":"D\u00e9couvrez comment les clients MGI d\u00e9ploient nos Port Community Systems pour plus de fluidit\u00e9, tra\u00e7abilit\u00e9 et performance dans leurs cha\u00eenes logistiques - MGI (Marseille Gyptis International)","breadcrumb":{"@id":"https:\/\/mgi-ci5.com\/en\/clients\/#breadcrumb"},"inLanguage":"en-US","potentialAction":[{"@type":"ReadAction","target":["https:\/\/mgi-ci5.com\/en\/clients\/"]}]},{"@type":"BreadcrumbList","@id":"https:\/\/mgi-ci5.com\/en\/clients\/#breadcrumb","itemListElement":[{"@type":"ListItem","position":1,"name":"Accueil","item":"https:\/\/mgi-ci5.com\/en\/"},{"@type":"ListItem","position":2,"name":"Clients"}]},{"@type":"WebSite","@id":"https:\/\/mgi-ci5.com\/#website","url":"https:\/\/mgi-ci5.com\/","name":"Experts in Port Community System - MGI","description":"","potentialAction":[{"@type":"SearchAction","target":{"@type":"EntryPoint","urlTemplate":"https:\/\/mgi-ci5.com\/?s={search_term_string}"},"query-input":{"@type":"PropertyValueSpecification","valueRequired":true,"valueName":"search_term_string"}}],"inLanguage":"en-US"}]}},"_links":{"self":[{"href":"https:\/\/mgi-ci5.com\/en\/wp-json\/wp\/v2\/pages\/22667","targetHints":{"allow":["GET"]}}],"collection":[{"href":"https:\/\/mgi-ci5.com\/en\/wp-json\/wp\/v2\/pages"}],"about":[{"href":"https:\/\/mgi-ci5.com\/en\/wp-json\/wp\/v2\/types\/page"}],"author":[{"embeddable":true,"href":"https:\/\/mgi-ci5.com\/en\/wp-json\/wp\/v2\/users\/1"}],"replies":[{"embeddable":true,"href":"https:\/\/mgi-ci5.com\/en\/wp-json\/wp\/v2\/comments?post=22667"}],"version-history":[{"count":6,"href":"https:\/\/mgi-ci5.com\/en\/wp-json\/wp\/v2\/pages\/22667\/revisions"}],"predecessor-version":[{"id":25135,"href":"https:\/\/mgi-ci5.com\/en\/wp-json\/wp\/v2\/pages\/22667\/revisions\/25135"}],"wp:attachment":[{"href":"https:\/\/mgi-ci5.com\/en\/wp-json\/wp\/v2\/media?parent=22667"}],"curies":[{"name":"wp","href":"https:\/\/api.w.org\/{rel}","templated":true}]}}